{"id":14,"date":"2020-07-25T15:50:05","date_gmt":"2020-07-25T15:50:05","guid":{"rendered":"https:\/\/classificadosjundiai.com.br\/site\/?page_id=14"},"modified":"2021-05-21T18:49:24","modified_gmt":"2021-05-21T18:49:24","slug":"inicio","status":"publish","type":"page","link":"https:\/\/classificadosjundiai.com.br\/site\/","title":{"rendered":"IN\u00cdCIO"},"content":{"rendered":"\t\t<div data-elementor-type=\"wp-page\" data-elementor-id=\"14\" class=\"elementor elementor-14\">\n\t\t\t\t\t\t<section class=\"elementor-section elementor-top-section elementor-element elementor-element-7b012a4 elementor-section-content-top elementor-section-boxed elementor-section-height-default elementor-section-height-default\" data-id=\"7b012a4\" data-element_type=\"section\" data-e-type=\"section\">\n\t\t\t\t\t\t<div class=\"elementor-container elementor-column-gap-default\">\n\t\t\t\t\t<div class=\"elementor-column elementor-col-100 elementor-top-column elementor-element elementor-element-1760f65\" data-id=\"1760f65\" data-element_type=\"column\" data-e-type=\"column\">\n\t\t\t<div class=\"elementor-widget-wrap elementor-element-populated\">\n\t\t\t\t\t\t<div class=\"elementor-element elementor-element-b30a2fb elementor-widget elementor-widget-text-editor\" data-id=\"b30a2fb\" data-element_type=\"widget\" data-e-type=\"widget\" data-widget_type=\"text-editor.default\">\n\t\t\t\t<div class=\"elementor-widget-container\">\n\t\t\t\t\t\t\t\t\t<p><div id=\"metaslider-id-154\" style=\"width: 100%; margin: 0 auto;\" class=\"ml-slider-3-108-0 metaslider metaslider-flex metaslider-154 ml-slider has-dots-nav has-carousel-mode ms-theme-default\" role=\"region\" aria-label=\"Inicial\" data-height=\"430\" data-width=\"1200\">\n    <div id=\"metaslider_container_154\">\n        <div id=\"metaslider_154\">\n            <ul class='slides'>\n                <li style=\"display: none; width: 100%;\" class=\"slide-157 ms-image \" aria-roledescription=\"slide\" data-date=\"2020-07-30 15:33:15\" data-filename=\"certidoes_jundiai-1.jpg\" data-slide-type=\"image\"><a href=\"https:\/\/www.despachantejundiai.com.br\/solicitar-certidoes.html\" target=\"_self\" aria-label=\"View Slide Details\" class=\"metaslider_image_link\"><img fetchpriority=\"high\" decoding=\"async\" width=\"1200\" height=\"420\" src=\"https:\/\/classificadosjundiai.com.br\/site\/wp-content\/uploads\/2020\/07\/certidoes_jundiai-1.jpg\" class=\"slider-154 slide-157 msDefaultImage\" alt=\"\" rel=\"\" title=\"TRADU\u00c7\u00c3O JURAMENTADA V\u00c1RIOS IDIOMAS - CERTID\u00d5ES IMOBILI\u00c1RIAS - TODO ESTADO DE S\u00c3O PAULO - (11) 4497.1701\" srcset=\"https:\/\/classificadosjundiai.com.br\/site\/wp-content\/uploads\/2020\/07\/certidoes_jundiai-1.jpg 1200w, https:\/\/classificadosjundiai.com.br\/site\/wp-content\/uploads\/2020\/07\/certidoes_jundiai-1-300x105.jpg 300w, https:\/\/classificadosjundiai.com.br\/site\/wp-content\/uploads\/2020\/07\/certidoes_jundiai-1-1024x358.jpg 1024w, https:\/\/classificadosjundiai.com.br\/site\/wp-content\/uploads\/2020\/07\/certidoes_jundiai-1-768x269.jpg 768w\" sizes=\"(max-width: 1200px) 100vw, 1200px\" \/><\/a><\/li>\n                <li style=\"display: none; width: 100%;\" class=\"slide-161 ms-image \" aria-roledescription=\"slide\" data-date=\"2020-07-30 17:43:09\" data-filename=\"max_padaria.jpg\" data-slide-type=\"image\"><a href=\"https:\/\/maxpadaria.com.br\/\" target=\"_self\" aria-label=\"View Slide Details\" class=\"metaslider_image_link\"><img decoding=\"async\" width=\"1200\" height=\"420\" src=\"https:\/\/classificadosjundiai.com.br\/site\/wp-content\/uploads\/2020\/07\/max_padaria.jpg\" class=\"slider-154 slide-161 msDefaultImage\" alt=\"\" rel=\"\" title=\"P\u00c3ES - DOCES - SALGADOS - TUDO PARA SUA FESTA - DELIVERY - (11) 4807.4014\" srcset=\"https:\/\/classificadosjundiai.com.br\/site\/wp-content\/uploads\/2020\/07\/max_padaria.jpg 1200w, https:\/\/classificadosjundiai.com.br\/site\/wp-content\/uploads\/2020\/07\/max_padaria-300x105.jpg 300w, https:\/\/classificadosjundiai.com.br\/site\/wp-content\/uploads\/2020\/07\/max_padaria-1024x358.jpg 1024w, https:\/\/classificadosjundiai.com.br\/site\/wp-content\/uploads\/2020\/07\/max_padaria-768x269.jpg 768w\" sizes=\"(max-width: 1200px) 100vw, 1200px\" \/><\/a><\/li>\n                <li style=\"display: none; width: 100%;\" class=\"slide-155 ms-image \" aria-roledescription=\"slide\" data-date=\"2020-07-30 15:31:35\" data-filename=\"anuncie_aqui_big-1.jpg\" data-slide-type=\"image\"><a href=\"https:\/\/classificadosjundiai.com.br\/anunciar.html\" target=\"_self\" aria-label=\"View Slide Details\" class=\"metaslider_image_link\"><img decoding=\"async\" width=\"1200\" height=\"420\" src=\"https:\/\/classificadosjundiai.com.br\/site\/wp-content\/uploads\/2020\/07\/anuncie_aqui_big-1.jpg\" class=\"slider-154 slide-155 msDefaultImage\" alt=\"\" rel=\"\" title=\"SEJA VIP VOC\u00ca TAMB\u00c9M - ANUNCIE CONOSCO\" srcset=\"https:\/\/classificadosjundiai.com.br\/site\/wp-content\/uploads\/2020\/07\/anuncie_aqui_big-1.jpg 1200w, https:\/\/classificadosjundiai.com.br\/site\/wp-content\/uploads\/2020\/07\/anuncie_aqui_big-1-300x105.jpg 300w, https:\/\/classificadosjundiai.com.br\/site\/wp-content\/uploads\/2020\/07\/anuncie_aqui_big-1-1024x358.jpg 1024w, https:\/\/classificadosjundiai.com.br\/site\/wp-content\/uploads\/2020\/07\/anuncie_aqui_big-1-768x269.jpg 768w\" sizes=\"(max-width: 1200px) 100vw, 1200px\" \/><\/a><\/li>\n            <\/ul>\n        <\/div>\n        \n    <\/div>\n<\/div><\/p>\t\t\t\t\t\t\t\t<\/div>\n\t\t\t\t<\/div>\n\t\t\t\t<div class=\"elementor-element elementor-element-076c688 elementor-widget elementor-widget-text-editor\" data-id=\"076c688\" data-element_type=\"widget\" data-e-type=\"widget\" data-widget_type=\"text-editor.default\">\n\t\t\t\t<div class=\"elementor-widget-container\">\n\t\t\t\t\t\t\t\t\t<p><\/p>\n<p><strong>AN\u00daNCIOS EM DESTAQUE<\/strong><\/p>\n<p><span style=\"font-size: 16px; color: var( --e-global-color-text );\">\r\n\r\n<div class=\"adverts-options\">\r\n    <form action=\"\" class=\"adverts-search-form\" method=\"get\">\r\n        \r\n                \r\n                <div class=\"adverts-search\">\r\n                        <div class=\"advert-input advert-input-type-half advert-input-type-half-left\">\r\n                                <input type=\"text\" name=\"query\" id=\"query\" placeholder=\"Palavra ...\"  \/>            <\/div>\r\n                        <div class=\"advert-input advert-input-type-half advert-input-type-half-right\">\r\n                                <input type=\"text\" name=\"location\" id=\"location\" placeholder=\"Localiza\u00e7\u00e3o ...\"  \/>            <\/div>\r\n                    <\/div>\r\n                \r\n            \r\n        <div class=\"adverts-options-left adverts-js\">\r\n                        <a href=\"\/site\/wp-json\/wp\/v2\/pages\/14?display=grid\" class=\"adverts-button-small adverts-switch-view\" title=\"Grid\"><span class=\"adverts-square-icon adverts-icon-th-large\"><\/span><\/a>\r\n            <a href=\"\/site\/wp-json\/wp\/v2\/pages\/14?display=list\" class=\"adverts-button-small adverts-switch-view\" title=\"Lista\"><span class=\"adverts-square-icon adverts-icon-th-list\"><\/span><\/a>\r\n                        \r\n                    <\/div>\r\n\r\n        <div class=\"adverts-options-right adverts-js\">\r\n                        <a href=\"#\" class=\"adverts-form-submit adverts-button-small\">PESQUISAR <span class=\"adverts-icon-search\"><span><\/a>\r\n        <\/div>\r\n\r\n        <div class=\"adverts-options-fallback adverts-no-js\">\r\n            <input type=\"submit\" value=\"Filtrar resultados\" \/>\r\n        <\/div>\r\n    <\/form>\r\n<\/div>\r\n\r\n<div class=\"adverts-list adverts-bg-hover\">\r\n                <div class=\"advert-item advert-item-col-2 advert-id-425 advert-is-featured\">\r\n\r\n                <div class=\"advert-img\">\r\n                                            <img decoding=\"async\" src=\"https:\/\/classificadosjundiai.com.br\/site\/wp-content\/uploads\/2023\/08\/capivari_sacada-350x250.jpg\" class=\"advert-item-grow\" title=\"\" alt=\"\" \/>\r\n                    <\/div>\r\n     \r\n        <div class=\"advert-post-title\">\r\n            <span title=\"Vendo Apartamento em Capivari SP\" class=\"advert-link\">\r\n                <span class=\"advert-link-text\">Vendo Apartamento em Capivari SP<\/span>\r\n                            <\/span>\r\n            <a href=\"https:\/\/classificadosjundiai.com.br\/site\/advert\/vendo-apartamento-em-capivari-sp\/\" title=\"Vendo Apartamento em Capivari SP\" class=\"advert-link-wrap\"><\/a>\r\n        <\/div>\r\n\r\n        <div class=\"advert-published \">\r\n\r\n            <span class=\"advert-date\">25\/08\/2023<\/span>\r\n\r\n                                    <span class=\"advert-item-col-1-only advert-location adverts-icon-location\">Capivari &#8211; SP<\/span>\r\n            \r\n                                    <div class=\"advert-price\">R$230.000,00<\/div>\r\n                    <\/div>\r\n\r\n    <\/div>\r\n            <div class=\"advert-item advert-item-col-2 advert-id-412 advert-is-featured\">\r\n\r\n                <div class=\"advert-img\">\r\n                                            <img decoding=\"async\" src=\"https:\/\/classificadosjundiai.com.br\/site\/wp-content\/uploads\/2023\/08\/sala_r-350x250.jpg\" class=\"advert-item-grow\" title=\"\" alt=\"\" \/>\r\n                    <\/div>\r\n     \r\n        <div class=\"advert-post-title\">\r\n            <span title=\"Vendo Apartamento no Practice Club\" class=\"advert-link\">\r\n                <span class=\"advert-link-text\">Vendo Apartamento no Practice Club<\/span>\r\n                            <\/span>\r\n            <a href=\"https:\/\/classificadosjundiai.com.br\/site\/advert\/vendo-apartamento-no-practice-club\/\" title=\"Vendo Apartamento no Practice Club\" class=\"advert-link-wrap\"><\/a>\r\n        <\/div>\r\n\r\n        <div class=\"advert-published \">\r\n\r\n            <span class=\"advert-date\">21\/08\/2023<\/span>\r\n\r\n                                    <span class=\"advert-item-col-1-only advert-location adverts-icon-location\">Rua do Retiro &#8211; Jundia\u00ed<\/span>\r\n            \r\n                                    <div class=\"advert-price\">R$580.000,00<\/div>\r\n                    <\/div>\r\n\r\n    <\/div>\r\n            <div class=\"advert-item advert-item-col-2 advert-id-320 advert-is-featured\">\r\n\r\n                <div class=\"advert-img\">\r\n                                            <img decoding=\"async\" src=\"https:\/\/classificadosjundiai.com.br\/site\/wp-content\/uploads\/2021\/06\/10277612_400720940065787_2686085256110551118_n-310x115.jpg\" class=\"advert-item-grow\" title=\"\" alt=\"\" \/>\r\n                    <\/div>\r\n     \r\n        <div class=\"advert-post-title\">\r\n            <span title=\"Tradu\u00e7\u00e3o Juramentada em Jundia\u00ed e Regi\u00e3o\" class=\"advert-link\">\r\n                <span class=\"advert-link-text\">Tradu\u00e7\u00e3o Juramentada em Jundia\u00ed e Regi\u00e3o<\/span>\r\n                            <\/span>\r\n            <a href=\"https:\/\/classificadosjundiai.com.br\/site\/advert\/traducao-juramentada-em-jundiai-e-regiao\/\" title=\"Tradu\u00e7\u00e3o Juramentada em Jundia\u00ed e Regi\u00e3o\" class=\"advert-link-wrap\"><\/a>\r\n        <\/div>\r\n\r\n        <div class=\"advert-published \">\r\n\r\n            <span class=\"advert-date\">31\/01\/2023<\/span>\r\n\r\n                                    <span class=\"advert-item-col-1-only advert-location adverts-icon-location\">Jundia\u00ed<\/span>\r\n            \r\n                                    <div class=\"advert-price adverts-price-empty\">Sob Consulta<\/div>\r\n                    <\/div>\r\n\r\n    <\/div>\r\n            <div class=\"advert-item advert-item-col-2 advert-id-212 advert-is-featured\">\r\n\r\n                <div class=\"advert-img\">\r\n                                            <img decoding=\"async\" src=\"https:\/\/classificadosjundiai.com.br\/site\/wp-content\/uploads\/2023\/01\/meu_negocio_2021-350x250.jpg\" class=\"advert-item-grow\" title=\"\" alt=\"\" \/>\r\n                    <\/div>\r\n     \r\n        <div class=\"advert-post-title\">\r\n            <span title=\"Despachante de Certid\u00f5es Tradu\u00e7\u00e3o Juramentada\" class=\"advert-link\">\r\n                <span class=\"advert-link-text\">Despachante de Certid\u00f5es Tradu\u00e7\u00e3o Juramentada<\/span>\r\n                            <\/span>\r\n            <a href=\"https:\/\/classificadosjundiai.com.br\/site\/advert\/despachante-de-certidoes\/\" title=\"Despachante de Certid\u00f5es Tradu\u00e7\u00e3o Juramentada\" class=\"advert-link-wrap\"><\/a>\r\n        <\/div>\r\n\r\n        <div class=\"advert-published \">\r\n\r\n            <span class=\"advert-date\">31\/01\/2023<\/span>\r\n\r\n                                    <span class=\"advert-item-col-1-only advert-location adverts-icon-location\">Jundia\u00ed <\/span>\r\n            \r\n                                    <div class=\"advert-price\">R$95,00<\/div>\r\n                    <\/div>\r\n\r\n    <\/div>\r\n            <div class=\"advert-item advert-item-col-2 advert-id-384 advert-is-featured\">\r\n\r\n                <div class=\"advert-img\">\r\n                                            <img decoding=\"async\" src=\"https:\/\/classificadosjundiai.com.br\/site\/wp-content\/uploads\/2022\/05\/quarto_jundiai.jpg\" class=\"advert-item-grow\" title=\"\" alt=\"\" \/>\r\n                    <\/div>\r\n     \r\n        <div class=\"advert-post-title\">\r\n            <span title=\"Aluguel de quartos individuais\" class=\"advert-link\">\r\n                <span class=\"advert-link-text\">Aluguel de quartos individuais<\/span>\r\n                            <\/span>\r\n            <a href=\"https:\/\/classificadosjundiai.com.br\/site\/advert\/aluguel-de-quartos-individuais\/\" title=\"Aluguel de quartos individuais\" class=\"advert-link-wrap\"><\/a>\r\n        <\/div>\r\n\r\n        <div class=\"advert-published \">\r\n\r\n            <span class=\"advert-date\">19\/05\/2022<\/span>\r\n\r\n                                    <span class=\"advert-item-col-1-only advert-location adverts-icon-location\">Centro &#8211; Jundia\u00ed<\/span>\r\n            \r\n                                    <div class=\"advert-price\">R$600,00<\/div>\r\n                    <\/div>\r\n\r\n    <\/div>\r\n            <div class=\"advert-item advert-item-col-2 advert-id-331 advert-is-featured\">\r\n\r\n                <div class=\"advert-img\">\r\n                                            <img decoding=\"async\" src=\"https:\/\/classificadosjundiai.com.br\/site\/wp-content\/uploads\/2022\/03\/maxime_jundiai_04-270x200.jpg\" class=\"advert-item-grow\" title=\"\" alt=\"\" \/>\r\n                    <\/div>\r\n     \r\n        <div class=\"advert-post-title\">\r\n            <span title=\"Sala Comercial Edif\u00edcio Maxime Office Tower Jundia\u00ed\" class=\"advert-link\">\r\n                <span class=\"advert-link-text\">Sala Comercial Edif\u00edcio Maxime Office Tower Jundia\u00ed<\/span>\r\n                            <\/span>\r\n            <a href=\"https:\/\/classificadosjundiai.com.br\/site\/advert\/sala-comercial-edificio-maxime-office-tower-jundiai\/\" title=\"Sala Comercial Edif\u00edcio Maxime Office Tower Jundia\u00ed\" class=\"advert-link-wrap\"><\/a>\r\n        <\/div>\r\n\r\n        <div class=\"advert-published \">\r\n\r\n            <span class=\"advert-date\">31\/03\/2022<\/span>\r\n\r\n                                    <span class=\"advert-item-col-1-only advert-location adverts-icon-location\">Avenida 9 de Julho &#8211; Jundia\u00ed<\/span>\r\n            \r\n                                    <div class=\"advert-price\">R$5.000,00<\/div>\r\n                    <\/div>\r\n\r\n    <\/div>\r\n            <div class=\"advert-item advert-item-col-2 advert-id-252 advert-is-featured\">\r\n\r\n                <div class=\"advert-img\">\r\n                                            <img decoding=\"async\" src=\"https:\/\/classificadosjundiai.com.br\/site\/wp-content\/uploads\/2021\/05\/IMG-20210521-WA0002-150x200.jpg\" class=\"advert-item-grow\" title=\"\" alt=\"\" \/>\r\n                    <\/div>\r\n     \r\n        <div class=\"advert-post-title\">\r\n            <span title=\"Alugo apartamento mobiliado sem fiador em Jundia\u00ed\" class=\"advert-link\">\r\n                <span class=\"advert-link-text\">Alugo apartamento mobiliado sem fiador em Jundia\u00ed<\/span>\r\n                            <\/span>\r\n            <a href=\"https:\/\/classificadosjundiai.com.br\/site\/advert\/alugo-apartamento-mobiliado-sem-fiador-em-jundiai\/\" title=\"Alugo apartamento mobiliado sem fiador em Jundia\u00ed\" class=\"advert-link-wrap\"><\/a>\r\n        <\/div>\r\n\r\n        <div class=\"advert-published \">\r\n\r\n            <span class=\"advert-date\">21\/05\/2021<\/span>\r\n\r\n                                    <span class=\"advert-item-col-1-only advert-location adverts-icon-location\">Jundia\u00ed<\/span>\r\n            \r\n                                    <div class=\"advert-price\">R$850,00<\/div>\r\n                    <\/div>\r\n\r\n    <\/div>\r\n            <\/div>\r\n\r\n<div class=\"adverts-pagination\">\r\n    <\/div>\r\n\r\n<\/span><\/p>\n<p><\/p>\t\t\t\t\t\t\t\t<\/div>\n\t\t\t\t<\/div>\n\t\t\t\t\t<\/div>\n\t\t<\/div>\n\t\t\t\t\t<\/div>\n\t\t<\/section>\n\t\t\t\t<section class=\"elementor-section elementor-top-section elementor-element elementor-element-d7bac78 elementor-section-boxed elementor-section-height-default elementor-section-height-default\" data-id=\"d7bac78\" data-element_type=\"section\" data-e-type=\"section\">\n\t\t\t\t\t\t<div class=\"elementor-container elementor-column-gap-default\">\n\t\t\t\t\t<div class=\"elementor-column elementor-col-100 elementor-top-column elementor-element elementor-element-b5126e9\" data-id=\"b5126e9\" data-element_type=\"column\" data-e-type=\"column\">\n\t\t\t<div class=\"elementor-widget-wrap elementor-element-populated\">\n\t\t\t\t\t\t\t<\/div>\n\t\t<\/div>\n\t\t\t\t\t<\/div>\n\t\t<\/section>\n\t\t\t\t<\/div>\n\t\t","protected":false},"excerpt":{"rendered":"<p>AN\u00daNCIOS EM DESTAQUE<\/p>\n","protected":false},"author":1,"featured_media":0,"parent":0,"menu_order":0,"comment_status":"closed","ping_status":"closed","template":"","meta":{"ocean_post_layout":"","ocean_both_sidebars_style":"","ocean_both_sidebars_content_width":0,"ocean_both_sidebars_sidebars_width":0,"ocean_sidebar":"0","ocean_second_sidebar":"0","ocean_disable_margins":"enable","ocean_add_body_class":"","ocean_shortcode_before_top_bar":"[metaslider id=\"154\"]","ocean_shortcode_after_top_bar":"","ocean_shortcode_before_header":"","ocean_shortcode_after_header":"","ocean_has_shortcode":"","ocean_shortcode_after_title":"","ocean_shortcode_before_footer_widgets":"","ocean_shortcode_after_footer_widgets":"","ocean_shortcode_before_footer_bottom":"","ocean_shortcode_after_footer_bottom":"","ocean_display_top_bar":"default","ocean_display_header":"default","ocean_header_style":"","ocean_center_header_left_menu":"0","ocean_custom_header_template":"0","ocean_custom_logo":0,"ocean_custom_retina_logo":0,"ocean_custom_logo_max_width":0,"ocean_custom_logo_tablet_max_width":0,"ocean_custom_logo_mobile_max_width":0,"ocean_custom_logo_max_height":0,"ocean_custom_logo_tablet_max_height":0,"ocean_custom_logo_mobile_max_height":0,"ocean_header_custom_menu":"0","ocean_menu_typo_font_family":"0","ocean_menu_typo_font_subset":"","ocean_menu_typo_font_size":0,"ocean_menu_typo_font_size_tablet":0,"ocean_menu_typo_font_size_mobile":0,"ocean_menu_typo_font_size_unit":"px","ocean_menu_typo_font_weight":"","ocean_menu_typo_font_weight_tablet":"","ocean_menu_typo_font_weight_mobile":"","ocean_menu_typo_transform":"","ocean_menu_typo_transform_tablet":"","ocean_menu_typo_transform_mobile":"","ocean_menu_typo_line_height":0,"ocean_menu_typo_line_height_tablet":0,"ocean_menu_typo_line_height_mobile":0,"ocean_menu_typo_line_height_unit":"","ocean_menu_typo_spacing":0,"ocean_menu_typo_spacing_tablet":0,"ocean_menu_typo_spacing_mobile":0,"ocean_menu_typo_spacing_unit":"","ocean_menu_link_color":"","ocean_menu_link_color_hover":"","ocean_menu_link_color_active":"","ocean_menu_link_background":"","ocean_menu_link_hover_background":"","ocean_menu_link_active_background":"","ocean_menu_social_links_bg":"","ocean_menu_social_hover_links_bg":"","ocean_menu_social_links_color":"","ocean_menu_social_hover_links_color":"","ocean_disable_title":"default","ocean_disable_heading":"default","ocean_post_title":"","ocean_post_subheading":"","ocean_post_title_style":"","ocean_post_title_background_color":"","ocean_post_title_background":0,"ocean_post_title_bg_image_position":"","ocean_post_title_bg_image_attachment":"","ocean_post_title_bg_image_repeat":"","ocean_post_title_bg_image_size":"","ocean_post_title_height":0,"ocean_post_title_bg_overlay":0.5,"ocean_post_title_bg_overlay_color":"","ocean_disable_breadcrumbs":"default","ocean_breadcrumbs_color":"","ocean_breadcrumbs_separator_color":"","ocean_breadcrumbs_links_color":"","ocean_breadcrumbs_links_hover_color":"","ocean_display_footer_widgets":"default","ocean_display_footer_bottom":"default","ocean_custom_footer_template":"0","footnotes":""},"class_list":["post-14","page","type-page","status-publish","hentry","entry","has-media"],"_links":{"self":[{"href":"https:\/\/classificadosjundiai.com.br\/site\/wp-json\/wp\/v2\/pages\/14","targetHints":{"allow":["GET"]}}],"collection":[{"href":"https:\/\/classificadosjundiai.com.br\/site\/wp-json\/wp\/v2\/pages"}],"about":[{"href":"https:\/\/classificadosjundiai.com.br\/site\/wp-json\/wp\/v2\/types\/page"}],"author":[{"embeddable":true,"href":"https:\/\/classificadosjundiai.com.br\/site\/wp-json\/wp\/v2\/users\/1"}],"replies":[{"embeddable":true,"href":"https:\/\/classificadosjundiai.com.br\/site\/wp-json\/wp\/v2\/comments?post=14"}],"version-history":[{"count":58,"href":"https:\/\/classificadosjundiai.com.br\/site\/wp-json\/wp\/v2\/pages\/14\/revisions"}],"predecessor-version":[{"id":312,"href":"https:\/\/classificadosjundiai.com.br\/site\/wp-json\/wp\/v2\/pages\/14\/revisions\/312"}],"wp:attachment":[{"href":"https:\/\/classificadosjundiai.com.br\/site\/wp-json\/wp\/v2\/media?parent=14"}],"curies":[{"name":"wp","href":"https:\/\/api.w.org\/{rel}","templated":true}]}}