{"id":18,"date":"2020-07-25T15:53:24","date_gmt":"2020-07-25T15:53:24","guid":{"rendered":"https:\/\/classificadosjundiai.com.br\/site\/?page_id=18"},"modified":"2020-07-30T17:19:25","modified_gmt":"2020-07-30T17:19:25","slug":"contato","status":"publish","type":"page","link":"https:\/\/classificadosjundiai.com.br\/site\/contato\/","title":{"rendered":"CONTATO"},"content":{"rendered":"\n<div id=\"metaslider-id-154\" style=\"width: 100%; margin: 0 auto;\" class=\"ml-slider-3-108-0 metaslider metaslider-flex metaslider-154 ml-slider has-dots-nav has-carousel-mode ms-theme-default\" role=\"region\" aria-label=\"Inicial\" data-height=\"430\" data-width=\"1200\">\n    <div id=\"metaslider_container_154\">\n        <div id=\"metaslider_154\">\n            <ul class='slides'>\n                <li style=\"display: none; width: 100%;\" class=\"slide-157 ms-image \" aria-roledescription=\"slide\" data-date=\"2020-07-30 15:33:15\" data-filename=\"certidoes_jundiai-1.jpg\" data-slide-type=\"image\"><a href=\"https:\/\/www.despachantejundiai.com.br\/solicitar-certidoes.html\" target=\"_self\" aria-label=\"View Slide Details\" class=\"metaslider_image_link\"><img fetchpriority=\"high\" decoding=\"async\" width=\"1200\" height=\"420\" src=\"https:\/\/classificadosjundiai.com.br\/site\/wp-content\/uploads\/2020\/07\/certidoes_jundiai-1.jpg\" class=\"slider-154 slide-157 msDefaultImage\" alt=\"\" rel=\"\" title=\"TRADU\u00c7\u00c3O JURAMENTADA V\u00c1RIOS IDIOMAS - CERTID\u00d5ES IMOBILI\u00c1RIAS - TODO ESTADO DE S\u00c3O PAULO - (11) 4497.1701\" srcset=\"https:\/\/classificadosjundiai.com.br\/site\/wp-content\/uploads\/2020\/07\/certidoes_jundiai-1.jpg 1200w, https:\/\/classificadosjundiai.com.br\/site\/wp-content\/uploads\/2020\/07\/certidoes_jundiai-1-300x105.jpg 300w, https:\/\/classificadosjundiai.com.br\/site\/wp-content\/uploads\/2020\/07\/certidoes_jundiai-1-1024x358.jpg 1024w, https:\/\/classificadosjundiai.com.br\/site\/wp-content\/uploads\/2020\/07\/certidoes_jundiai-1-768x269.jpg 768w\" sizes=\"(max-width: 1200px) 100vw, 1200px\" \/><\/a><\/li>\n                <li style=\"display: none; width: 100%;\" class=\"slide-161 ms-image \" aria-roledescription=\"slide\" data-date=\"2020-07-30 17:43:09\" data-filename=\"max_padaria.jpg\" data-slide-type=\"image\"><a href=\"https:\/\/maxpadaria.com.br\/\" target=\"_self\" aria-label=\"View Slide Details\" class=\"metaslider_image_link\"><img decoding=\"async\" width=\"1200\" height=\"420\" src=\"https:\/\/classificadosjundiai.com.br\/site\/wp-content\/uploads\/2020\/07\/max_padaria.jpg\" class=\"slider-154 slide-161 msDefaultImage\" alt=\"\" rel=\"\" title=\"P\u00c3ES - DOCES - SALGADOS - TUDO PARA SUA FESTA - DELIVERY - (11) 4807.4014\" srcset=\"https:\/\/classificadosjundiai.com.br\/site\/wp-content\/uploads\/2020\/07\/max_padaria.jpg 1200w, https:\/\/classificadosjundiai.com.br\/site\/wp-content\/uploads\/2020\/07\/max_padaria-300x105.jpg 300w, https:\/\/classificadosjundiai.com.br\/site\/wp-content\/uploads\/2020\/07\/max_padaria-1024x358.jpg 1024w, https:\/\/classificadosjundiai.com.br\/site\/wp-content\/uploads\/2020\/07\/max_padaria-768x269.jpg 768w\" sizes=\"(max-width: 1200px) 100vw, 1200px\" \/><\/a><\/li>\n                <li style=\"display: none; width: 100%;\" class=\"slide-155 ms-image \" aria-roledescription=\"slide\" data-date=\"2020-07-30 15:31:35\" data-filename=\"anuncie_aqui_big-1.jpg\" data-slide-type=\"image\"><a href=\"https:\/\/classificadosjundiai.com.br\/anunciar.html\" target=\"_self\" aria-label=\"View Slide Details\" class=\"metaslider_image_link\"><img decoding=\"async\" width=\"1200\" height=\"420\" src=\"https:\/\/classificadosjundiai.com.br\/site\/wp-content\/uploads\/2020\/07\/anuncie_aqui_big-1.jpg\" class=\"slider-154 slide-155 msDefaultImage\" alt=\"\" rel=\"\" title=\"SEJA VIP VOC\u00ca TAMB\u00c9M - ANUNCIE CONOSCO\" srcset=\"https:\/\/classificadosjundiai.com.br\/site\/wp-content\/uploads\/2020\/07\/anuncie_aqui_big-1.jpg 1200w, https:\/\/classificadosjundiai.com.br\/site\/wp-content\/uploads\/2020\/07\/anuncie_aqui_big-1-300x105.jpg 300w, https:\/\/classificadosjundiai.com.br\/site\/wp-content\/uploads\/2020\/07\/anuncie_aqui_big-1-1024x358.jpg 1024w, https:\/\/classificadosjundiai.com.br\/site\/wp-content\/uploads\/2020\/07\/anuncie_aqui_big-1-768x269.jpg 768w\" sizes=\"(max-width: 1200px) 100vw, 1200px\" \/><\/a><\/li>\n            <\/ul>\n        <\/div>\n        \n    <\/div>\n<\/div>\n\n\n\n<p><\/p>\n\n\n\n<p>ENTRE EM CONTATO CONOSCO<\/p>\n\n\n\n<p><\/p>\n\n\n\n<div class=\"wpforms-container wpforms-container-full\" id=\"wpforms-96\"><form id=\"wpforms-form-96\" class=\"wpforms-validate wpforms-form\" data-formid=\"96\" method=\"post\" enctype=\"multipart\/form-data\" action=\"\/site\/wp-json\/wp\/v2\/pages\/18\" data-token=\"9ec8b8fce90433d50b6db9a0f43a2072\" data-token-time=\"1776964882\"><noscript class=\"wpforms-error-noscript\">Ative o JavaScript no seu navegador para preencher este formul\u00e1rio.<\/noscript><div class=\"wpforms-field-container\"><div id=\"wpforms-96-field_0-container\" class=\"wpforms-field wpforms-field-name\" data-field-id=\"0\"><label class=\"wpforms-field-label\">Nome <span class=\"wpforms-required-label\">*<\/span><\/label><div class=\"wpforms-field-row wpforms-field-medium\"><div class=\"wpforms-field-row-block wpforms-first wpforms-one-half\"><input type=\"text\" id=\"wpforms-96-field_0\" class=\"wpforms-field-name-first wpforms-field-required\" name=\"wpforms[fields][0][first]\" required><label for=\"wpforms-96-field_0\" class=\"wpforms-field-sublabel after\">Nome<\/label><\/div><div class=\"wpforms-field-row-block wpforms-one-half\"><input type=\"text\" id=\"wpforms-96-field_0-last\" class=\"wpforms-field-name-last wpforms-field-required\" name=\"wpforms[fields][0][last]\" required><label for=\"wpforms-96-field_0-last\" class=\"wpforms-field-sublabel after\">Sobrenome<\/label><\/div><\/div><\/div><div id=\"wpforms-96-field_1-container\" class=\"wpforms-field wpforms-field-email\" data-field-id=\"1\"><label class=\"wpforms-field-label\" for=\"wpforms-96-field_1\">E-mail <span class=\"wpforms-required-label\">*<\/span><\/label><input type=\"email\" id=\"wpforms-96-field_1\" class=\"wpforms-field-medium wpforms-field-required\" name=\"wpforms[fields][1]\" spellcheck=\"false\" required><\/div><div id=\"wpforms-96-field_2-container\" class=\"wpforms-field wpforms-field-textarea\" data-field-id=\"2\"><label class=\"wpforms-field-label\" for=\"wpforms-96-field_2\">Coment\u00e1rio ou Mensagem <span class=\"wpforms-required-label\">*<\/span><\/label><textarea id=\"wpforms-96-field_2\" class=\"wpforms-field-medium wpforms-field-required\" name=\"wpforms[fields][2]\" required><\/textarea><\/div><\/div><!-- .wpforms-field-container --><div class=\"wpforms-field wpforms-field-hp\"><label for=\"wpforms-96-field-hp\" class=\"wpforms-field-label\">Phone<\/label><input type=\"text\" name=\"wpforms[hp]\" id=\"wpforms-96-field-hp\" class=\"wpforms-field-medium\"><\/div><div class=\"wpforms-submit-container\" ><input type=\"hidden\" name=\"wpforms[id]\" value=\"96\"><input type=\"hidden\" name=\"page_title\" value=\"\"><input type=\"hidden\" name=\"page_url\" value=\"https:\/\/classificadosjundiai.com.br\/site\/wp-json\/wp\/v2\/pages\/18\"><input type=\"hidden\" name=\"url_referer\" value=\"\"><button type=\"submit\" name=\"wpforms[submit]\" id=\"wpforms-submit-96\" class=\"wpforms-submit\" data-alt-text=\"Enviando...\" data-submit-text=\"Enviar\" aria-live=\"assertive\" value=\"wpforms-submit\">Enviar<\/button><\/div><\/form><\/div>  <!-- .wpforms-container -->\n\n\n\n<p><\/p>\n","protected":false},"excerpt":{"rendered":"<p>ENTRE EM CONTATO CONOSCO<\/p>\n","protected":false},"author":1,"featured_media":0,"parent":0,"menu_order":0,"comment_status":"closed","ping_status":"closed","template":"","meta":{"ocean_post_layout":"","ocean_both_sidebars_style":"","ocean_both_sidebars_content_width":0,"ocean_both_sidebars_sidebars_width":0,"ocean_sidebar":"0","ocean_second_sidebar":"0","ocean_disable_margins":"enable","ocean_add_body_class":"","ocean_shortcode_before_top_bar":"","ocean_shortcode_after_top_bar":"","ocean_shortcode_before_header":"","ocean_shortcode_after_header":"","ocean_has_shortcode":"","ocean_shortcode_after_title":"","ocean_shortcode_before_footer_widgets":"","ocean_shortcode_after_footer_widgets":"","ocean_shortcode_before_footer_bottom":"","ocean_shortcode_after_footer_bottom":"","ocean_display_top_bar":"default","ocean_display_header":"default","ocean_header_style":"","ocean_center_header_left_menu":"0","ocean_custom_header_template":"0","ocean_custom_logo":0,"ocean_custom_retina_logo":0,"ocean_custom_logo_max_width":0,"ocean_custom_logo_tablet_max_width":0,"ocean_custom_logo_mobile_max_width":0,"ocean_custom_logo_max_height":0,"ocean_custom_logo_tablet_max_height":0,"ocean_custom_logo_mobile_max_height":0,"ocean_header_custom_menu":"0","ocean_menu_typo_font_family":"0","ocean_menu_typo_font_subset":"","ocean_menu_typo_font_size":0,"ocean_menu_typo_font_size_tablet":0,"ocean_menu_typo_font_size_mobile":0,"ocean_menu_typo_font_size_unit":"px","ocean_menu_typo_font_weight":"","ocean_menu_typo_font_weight_tablet":"","ocean_menu_typo_font_weight_mobile":"","ocean_menu_typo_transform":"","ocean_menu_typo_transform_tablet":"","ocean_menu_typo_transform_mobile":"","ocean_menu_typo_line_height":0,"ocean_menu_typo_line_height_tablet":0,"ocean_menu_typo_line_height_mobile":0,"ocean_menu_typo_line_height_unit":"","ocean_menu_typo_spacing":0,"ocean_menu_typo_spacing_tablet":0,"ocean_menu_typo_spacing_mobile":0,"ocean_menu_typo_spacing_unit":"","ocean_menu_link_color":"","ocean_menu_link_color_hover":"","ocean_menu_link_color_active":"","ocean_menu_link_background":"","ocean_menu_link_hover_background":"","ocean_menu_link_active_background":"","ocean_menu_social_links_bg":"","ocean_menu_social_hover_links_bg":"","ocean_menu_social_links_color":"","ocean_menu_social_hover_links_color":"","ocean_disable_title":"default","ocean_disable_heading":"default","ocean_post_title":"","ocean_post_subheading":"","ocean_post_title_style":"","ocean_post_title_background_color":"","ocean_post_title_background":0,"ocean_post_title_bg_image_position":"","ocean_post_title_bg_image_attachment":"","ocean_post_title_bg_image_repeat":"","ocean_post_title_bg_image_size":"","ocean_post_title_height":0,"ocean_post_title_bg_overlay":0.5,"ocean_post_title_bg_overlay_color":"","ocean_disable_breadcrumbs":"default","ocean_breadcrumbs_color":"","ocean_breadcrumbs_separator_color":"","ocean_breadcrumbs_links_color":"","ocean_breadcrumbs_links_hover_color":"","ocean_display_footer_widgets":"default","ocean_display_footer_bottom":"default","ocean_custom_footer_template":"0","footnotes":""},"class_list":["post-18","page","type-page","status-publish","hentry","entry"],"_links":{"self":[{"href":"https:\/\/classificadosjundiai.com.br\/site\/wp-json\/wp\/v2\/pages\/18","targetHints":{"allow":["GET"]}}],"collection":[{"href":"https:\/\/classificadosjundiai.com.br\/site\/wp-json\/wp\/v2\/pages"}],"about":[{"href":"https:\/\/classificadosjundiai.com.br\/site\/wp-json\/wp\/v2\/types\/page"}],"author":[{"embeddable":true,"href":"https:\/\/classificadosjundiai.com.br\/site\/wp-json\/wp\/v2\/users\/1"}],"replies":[{"embeddable":true,"href":"https:\/\/classificadosjundiai.com.br\/site\/wp-json\/wp\/v2\/comments?post=18"}],"version-history":[{"count":5,"href":"https:\/\/classificadosjundiai.com.br\/site\/wp-json\/wp\/v2\/pages\/18\/revisions"}],"predecessor-version":[{"id":159,"href":"https:\/\/classificadosjundiai.com.br\/site\/wp-json\/wp\/v2\/pages\/18\/revisions\/159"}],"wp:attachment":[{"href":"https:\/\/classificadosjundiai.com.br\/site\/wp-json\/wp\/v2\/media?parent=18"}],"curies":[{"name":"wp","href":"https:\/\/api.w.org\/{rel}","templated":true}]}}